{"id":519,"date":"2024-05-04T13:17:36","date_gmt":"2024-05-04T13:17:36","guid":{"rendered":"https:\/\/mateherczeg.com\/?page_id=519"},"modified":"2025-02-04T21:57:16","modified_gmt":"2025-02-04T21:57:16","slug":"calendar","status":"publish","type":"page","link":"https:\/\/mateherczeg.com\/hu\/esemenyek\/","title":{"rendered":"Esem\u00e9nyek"},"content":{"rendered":"<div data-elementor-type=\"wp-page\" data-elementor-id=\"519\" class=\"elementor elementor-519\" data-elementor-post-type=\"page\">\n\t\t\t\t<div data-dce-background-image-url=\"https:\/\/mateherczeg.com\/wp-content\/uploads\/2024\/05\/Herczeg-Mate-1-2xx-scaled.jpg\" class=\"elementor-element elementor-element-3f1bad06 e-con-full e-flex e-con e-parent\" data-id=\"3f1bad06\" data-element_type=\"container\" data-settings=\"{&quot;background_background&quot;:&quot;classic&quot;,&quot;jet_parallax_layout_list&quot;:[]}\">\n\t\t\t\t<\/div>\n\t\t<div class=\"elementor-element elementor-element-d724f5d e-flex e-con-boxed e-con e-parent\" data-id=\"d724f5d\" data-element_type=\"container\" data-settings=\"{&quot;jet_parallax_layout_list&quot;:[]}\">\n\t\t\t\t\t<div class=\"e-con-inner\">\n\t\t\t\t<div class=\"elementor-element elementor-element-fbfe0c2 elementor-blockquote--skin-clean elementor-blockquote--align-center elementor-blockquote--button-view-icon-text elementor-blockquote--button-skin-classic elementor-blockquote--button-color-official elementor-widget elementor-widget-blockquote\" data-id=\"fbfe0c2\" data-element_type=\"widget\" data-widget_type=\"blockquote.default\">\n\t\t\t\t<div class=\"elementor-widget-container\">\n\t\t\t\t\t\t\t<blockquote class=\"elementor-blockquote\">\n\t\t\t<p class=\"elementor-blockquote__content\">\n\t\t\t\t\"Herczeg M\u00e1t\u00e9 zeng\u0151 Kavalierbaritonj\u00e1val egy nagyon hiteles, a meg\u00e9lhet\u00e9si probl\u00e9m\u00e1i ellen\u00e9re is mindig rem\u00e9nnyel teli Peter Besenbinder.\"\t\t\t<\/p>\n\t\t\t\t\t\t\t<div class=\"e-q-footer\">\n\t\t\t\t\t\t\t\t\t\t\t<cite class=\"elementor-blockquote__author\">Gottfried Franz Kasparek (drehpunktkultur.at 2023)<\/cite>\n\t\t\t\t\t\t\t\t\t\t\t\t\t\t\t\t<a href=\"https:\/\/twitter.com\/intent\/tweet?text=%22M%5Cu00e1t%5Cu00e9+Herczeg%2C+with+his+sonorous+cavalier+baritone%2C+is+a+very+convincing+Peter+Besenbinder%2C+who+remains+hopeful+despite+his+existential+problems.%22+%E2%80%94+Gottfried+Franz+Kasparek+%28drehpunktkultur.at+2023%29&amp;url=https%3A%2F%2Fmateherczeg.com%2Fhu%2Fwp-json%2Fwp%2Fv2%2Fpages%2F519\" class=\"elementor-blockquote__tweet-button\" target=\"_blank\">\n\t\t\t\t\t\t\t\t\t\t\t\t\t\t\t<svg aria-hidden=\"true\" class=\"e-font-icon-svg e-fab-twitter\" viewbox=\"0 0 512 512\" xmlns=\"http:\/\/www.w3.org\/2000\/svg\"><path d=\"M459.37 151.716c.325 4.548.325 9.097.325 13.645 0 138.72-105.583 298.558-298.558 298.558-59.452 0-114.68-17.219-161.137-47.106 8.447.974 16.568 1.299 25.34 1.299 49.055 0 94.213-16.568 130.274-44.832-46.132-.975-84.792-31.188-98.112-72.772 6.498.974 12.995 1.624 19.818 1.624 9.421 0 18.843-1.3 27.614-3.573-48.081-9.747-84.143-51.98-84.143-102.985v-1.299c13.969 7.797 30.214 12.67 47.431 13.319-28.264-18.843-46.781-51.005-46.781-87.391 0-19.492 5.197-37.36 14.294-52.954 51.655 63.675 129.3 105.258 216.365 109.807-1.624-7.797-2.599-15.918-2.599-24.04 0-57.828 46.782-104.934 104.934-104.934 30.213 0 57.502 12.67 76.67 33.137 23.715-4.548 46.456-13.32 66.599-25.34-7.798 24.366-24.366 44.833-46.132 57.827 21.117-2.273 41.584-8.122 60.426-16.243-14.292 20.791-32.161 39.308-52.628 54.253z\"><\/path><\/svg>\t\t\t\t\t\t\t\t\t\t\t\t\t\t\t\t\t\t\t\t\t\t\t\t\t\t\t\t\t\t<span class=\"elementor-blockquote__tweet-label\">Tweet<\/span>\n\t\t\t\t\t\t\t\t\t\t\t\t\t<\/a>\n\t\t\t\t\t\t\t\t\t<\/div>\n\t\t\t\t\t<\/blockquote>\n\t\t\t\t\t\t<\/div>\n\t\t\t\t<\/div>\n\t\t<div class=\"elementor-element elementor-element-7e288a5 e-con-full e-flex e-con e-child\" data-id=\"7e288a5\" data-element_type=\"container\" data-settings=\"{&quot;jet_parallax_layout_list&quot;:[]}\">\n\t\t\t\t<div class=\"elementor-element elementor-element-9224bfc elementor-widget-divider--view-line elementor-widget elementor-widget-divider\" data-id=\"9224bfc\" data-element_type=\"widget\" data-widget_type=\"divider.default\">\n\t\t\t\t<div class=\"elementor-widget-container\">\n\t\t\t\t\t\t\t<div class=\"elementor-divider\">\n\t\t\t<span class=\"elementor-divider-separator\">\n\t\t\t\t\t\t<\/span>\n\t\t<\/div>\n\t\t\t\t\t\t<\/div>\n\t\t\t\t<\/div>\n\t\t\t\t<\/div>\n\t\t\t\t<div class=\"elementor-element elementor-element-06b2983 elementor-widget elementor-widget-html\" data-id=\"06b2983\" data-element_type=\"widget\" data-widget_type=\"html.default\">\n\t\t\t\t<div class=\"elementor-widget-container\">\n\t\t\t\t\t<script src=\"https:\/\/static.elfsight.com\/platform\/platform.js\" data-use-service-core defer><\/script>\r\n<div class=\"elfsight-app-096b8446-43f9-4bb3-a3b6-d3d679fdcfaf\" data-elfsight-app-lazy><\/div>\t\t\t\t<\/div>\n\t\t\t\t<\/div>\n\t\t\t\t\t<\/div>\n\t\t\t\t<\/div>\n\t\t<div class=\"elementor-element elementor-element-182cee5 e-flex e-con-boxed e-con e-parent\" data-id=\"182cee5\" data-element_type=\"container\" data-settings=\"{&quot;jet_parallax_layout_list&quot;:[]}\">\n\t\t\t\t\t<div class=\"e-con-inner\">\n\t\t\t\t<div class=\"elementor-element elementor-element-ad18692 elementor-align-center elementor-widget elementor-widget-button\" data-id=\"ad18692\" data-element_type=\"widget\" data-widget_type=\"button.default\">\n\t\t\t\t<div class=\"elementor-widget-container\">\n\t\t\t\t\t\t\t\t\t<div class=\"elementor-button-wrapper\">\n\t\t\t\t\t<a class=\"elementor-button elementor-button-link elementor-size-sm\" href=\"https:\/\/mateherczeg.com\/hu\/kezdooldal\/\">\n\t\t\t\t\t\t<span class=\"elementor-button-content-wrapper\">\n\t\t\t\t\t\t\t\t\t<span class=\"elementor-button-text\">Vissza a kezd\u0151lapra<\/span>\n\t\t\t\t\t<\/span>\n\t\t\t\t\t<\/a>\n\t\t\t\t<\/div>\n\t\t\t\t\t\t\t\t<\/div>\n\t\t\t\t<\/div>\n\t\t\t\t\t<\/div>\n\t\t\t\t<\/div>\n\t\t\t\t<\/div>","protected":false},"excerpt":{"rendered":"<p>&#8220;M\u00e1t\u00e9 Herczeg, with his sonorous cavalier baritone, is a very convincing Peter Besenbinder, who remains hopeful despite his existential problems.&#8221; Gottfried Franz Kasparek (drehpunktkultur.at 2023) Tweet Back to the homepage<\/p>","protected":false},"author":1,"featured_media":2652,"parent":0,"menu_order":0,"comment_status":"closed","ping_status":"closed","template":"elementor_header_footer","meta":{"_seopress_robots_primary_cat":"","_seopress_titles_title":"Calendar - M\u00e1t\u00e9 Herczeg | Baritone","_seopress_titles_desc":"Upcoming  Concerts and Performances \u00a9 2024 mateherczeg.com","_seopress_robots_index":"","_monsterinsights_skip_tracking":false,"_monsterinsights_sitenote_active":false,"_monsterinsights_sitenote_note":"","_monsterinsights_sitenote_category":0,"footnotes":""},"class_list":["post-519","page","type-page","status-publish","has-post-thumbnail"],"_links":{"self":[{"href":"https:\/\/mateherczeg.com\/hu\/wp-json\/wp\/v2\/pages\/519","targetHints":{"allow":["GET"]}}],"collection":[{"href":"https:\/\/mateherczeg.com\/hu\/wp-json\/wp\/v2\/pages"}],"about":[{"href":"https:\/\/mateherczeg.com\/hu\/wp-json\/wp\/v2\/types\/page"}],"author":[{"embeddable":true,"href":"https:\/\/mateherczeg.com\/hu\/wp-json\/wp\/v2\/users\/1"}],"replies":[{"embeddable":true,"href":"https:\/\/mateherczeg.com\/hu\/wp-json\/wp\/v2\/comments?post=519"}],"version-history":[{"count":176,"href":"https:\/\/mateherczeg.com\/hu\/wp-json\/wp\/v2\/pages\/519\/revisions"}],"predecessor-version":[{"id":4765,"href":"https:\/\/mateherczeg.com\/hu\/wp-json\/wp\/v2\/pages\/519\/revisions\/4765"}],"wp:featuredmedia":[{"embeddable":true,"href":"https:\/\/mateherczeg.com\/hu\/wp-json\/wp\/v2\/media\/2652"}],"wp:attachment":[{"href":"https:\/\/mateherczeg.com\/hu\/wp-json\/wp\/v2\/media?parent=519"}],"curies":[{"name":"wp","href":"https:\/\/api.w.org\/{rel}","templated":true}]}}