{"id":1836,"date":"2024-06-14T11:13:02","date_gmt":"2024-06-14T11:13:02","guid":{"rendered":"https:\/\/mateherczeg.com\/?page_id=1836"},"modified":"2024-07-03T18:06:55","modified_gmt":"2024-07-03T18:06:55","slug":"imprint","status":"publish","type":"page","link":"https:\/\/mateherczeg.com\/de\/imprint\/","title":{"rendered":"Impressum"},"content":{"rendered":"<div data-elementor-type=\"wp-page\" data-elementor-id=\"1836\" class=\"elementor elementor-1836\" data-elementor-post-type=\"page\">\n\t\t\t\t<div data-dce-background-color=\"#E5E5E500\" class=\"elementor-element elementor-element-c6566ba e-con-full e-flex e-con e-parent\" data-id=\"c6566ba\" data-element_type=\"container\" data-settings=\"{&quot;background_background&quot;:&quot;classic&quot;,&quot;jet_parallax_layout_list&quot;:[]}\">\n\t\t\t\t<div class=\"elementor-element elementor-element-1e6a0e3 elementor-widget elementor-widget-text-editor\" data-id=\"1e6a0e3\" data-element_type=\"widget\" data-widget_type=\"text-editor.default\">\n\t\t\t\t<div class=\"elementor-widget-container\">\n\t\t\t\t\t\t\t\t\t<h4><b>Imprint\/Impressum<\/b><\/h4>\n<p>Name:<br>M\u00e1t\u00e9 Herczeg<\/p>\n<p>Address:<br>Linzergasse 47<br>5020 Salzburg<br>Austria<\/p>\n<p>Contact:<br>Phone: +36204979484<br>E-Mail: contact@mateherczeg.com<\/p>\n<p><br><\/p>\n<p><br><\/p>\n<h5><b>ENGLISH <br>DEUTSCH (siehe unten)<br>MAGYAR (l\u00e1sd lent)<\/b><\/h5>\n<div><b><br><\/b><\/div>\n<h5>LIABILITY FOR CONTENT ON THIS WEBSITE<\/h5>\n<p>We continually develop the content of this website and strive to provide accurate and up-to-date information. Unfortunately, we cannot assume liability for the correctness of all content on this website, especially for those provided by third parties. If you notice any problematic or illegal content, please contact us immediately. You can find our contact details in the imprint.<\/p>\n<h5>LIABILITY FOR LINKS ON THIS WEBSITE<\/h5>\n<p>Our website contains links to other websites for whose content we are not responsible. According to \u00a7 17 ECG, we are not liable for linked websites as we have no knowledge of illegal activities and have not noticed any such illegalities so far. We will remove links immediately if we become aware of illegalities. If you notice any illegal links on our website, please contact us. You can find our contact details in the imprint.<\/p>\n<h5>COPYRIGHT<\/h5>\n<p>All content on this website (images, photos, texts, videos) is subject to copyright. If necessary, we will legally pursue the unauthorized use of parts of the content of our site.<\/p>\n<p>The images, photos, and graphics on this website are protected by copyright. The image rights belong to the following photographers and companies:<\/p>\n<p>Shirley Suarez<br>Marco Borrelli\/Salzburger Festpiele<br>Christian Schneider<br>Richard Hofmann<br><\/p>\n<p><br><\/p>\n<p><br><\/p>\n<p><br><\/p>\n<h5>FELEL\u0150SS\u00c9G A WEBOLDAL TARTALM\u00c1\u00c9RT<\/h5>\n<p>Folyamatosan fejlesztj\u00fck weboldalunk tartalm\u00e1t \u00e9s t\u00f6reksz\u00fcnk helyes \u00e9s naprak\u00e9sz inform\u00e1ci\u00f3kat ny\u00fajtani. Sajnos nem tudunk felel\u0151ss\u00e9get v\u00e1llalni a weboldalon tal\u00e1lhat\u00f3 \u00f6sszes tartalom helyess\u00e9g\u00e9\u00e9rt, k\u00fcl\u00f6n\u00f6sen azok\u00e9rt, amelyeket harmadik felek biztos\u00edtanak. Ha probl\u00e9m\u00e1s vagy jogellenes tartalmakat \u00e9szlel, k\u00e9rj\u00fck, azonnal l\u00e9pjen kapcsolatba vel\u00fcnk. Az el\u00e9rhet\u0151s\u00e9geinket az impresszumban tal\u00e1lja.<\/p>\n<h5>FELEL\u0150SS\u00c9G A WEBOLDALON TAL\u00c1LHAT\u00d3 LINKEK\u00c9RT<\/h5>\n<p>Weboldalunk m\u00e1s weboldalakra mutat\u00f3 linkeket tartalmaz, amelyek tartalm\u00e1\u00e9rt nem v\u00e1llalunk felel\u0151ss\u00e9get. Az \u00a7 17 ECG \u00e9rtelm\u00e9ben nem vagyunk felel\u0151sek a linkelt weboldalak\u00e9rt, mivel nincs tudom\u00e1sunk jogellenes tev\u00e9kenys\u00e9gekr\u0151l, \u00e9s eddig nem vett\u00fcnk \u00e9szre ilyen jogelleness\u00e9geket. Azonnal elt\u00e1vol\u00edtjuk a linkeket, ha tudom\u00e1sunkra jutnak jogelleness\u00e9gek. Ha jogellenes linkeket \u00e9szlel a weboldalunkon, k\u00e9rj\u00fck, l\u00e9pjen kapcsolatba vel\u00fcnk. Az el\u00e9rhet\u0151s\u00e9geinket az impresszumban tal\u00e1lja.<\/p>\n<h5>SZERZ\u0150I JOGI FIGYELMEZTET\u00c9S<\/h5>\n<p>A weboldal minden tartalma (k\u00e9pek, fot\u00f3k, sz\u00f6vegek, vide\u00f3k) szerz\u0151i jogv\u00e9delem alatt \u00e1ll. Sz\u00fcks\u00e9g eset\u00e9n jogi \u00faton fogunk fell\u00e9pni a weboldalunk tartalm\u00e1nak enged\u00e9ly n\u00e9lk\u00fcli haszn\u00e1lata ellen.<\/p>\n<p>A weboldalon tal\u00e1lhat\u00f3 k\u00e9pek, fot\u00f3k \u00e9s grafik\u00e1k szerz\u0151i jogv\u00e9delem alatt \u00e1llnak. A k\u00e9pek jogai a k\u00f6vetkez\u0151 fot\u00f3sok \u00e9s v\u00e1llalatok tulajdon\u00e1ban vannak:<\/p>\n<p>Shirley Suarez<br>Marco Borrelli\/Salzburger Festpiele<br>Christian Schneider<br>Richard Hofmann<\/p>\n<p><br><\/p>\n<p><br><\/p>\n<p><br><\/p>\n<h5>HAFTUNG F\u00dcR INHALTE DIESER WEBSITE<\/h5>\n<p>Wir aktualisieren und verbessern kontinuierlich die Inhalte dieser Webseite, um korrekte und aktuelle Informationen bereitzustellen. F\u00fcr die Richtigkeit s\u00e4mtlicher Inhalte, insbesondere solcher, die von Dritten bereitgestellt werden, k\u00f6nnen wir jedoch keine Gew\u00e4hr \u00fcbernehmen. Sollten Ihnen problematische oder rechtswidrige Inhalte auffallen, bitten wir Sie, uns umgehend zu kontaktieren. Unsere Kontaktdaten finden Sie im Impressum.<\/p>\n<h5>HAFTUNG F\u00dcR LINKS AUF DIESER WEBSITE<\/h5>\n<p>Unsere Webseite enth\u00e4lt Links zu anderen Webseiten, deren Inhalte wir nicht kontrollieren k\u00f6nnen. Gem\u00e4\u00df \u00a7 17 ECG \u00fcbernehmen wir keine Haftung f\u00fcr verlinkte Websites, da uns keine Kenntnis von rechtswidrigen Aktivit\u00e4ten vorliegt, wir bisher keine solchen Verst\u00f6\u00dfe festgestellt haben und wir Links sofort entfernen w\u00fcrden, sobald uns rechtswidrige Inhalte bekannt werden. Wenn Ihnen rechtswidrige Links auf unserer Website auffallen, bitten wir Sie, uns zu kontaktieren. Unsere Kontaktdaten finden Sie im Impressum.<\/p>\n<h5>URHEBERRECHTSHINWEIS<\/h5>\n<p>Alle Inhalte dieser Webseite (Bilder, Fotos, Texte, Videos) sind urheberrechtlich gesch\u00fctzt. Im Falle einer unerlaubten Nutzung von Teilen der Inhalte unserer Seite behalten wir uns rechtliche Schritte vor.<\/p>\n<p>Die Bilder, Fotos und Grafiken auf dieser Webseite sind urheberrechtlich gesch\u00fctzt und deren Bildrechte liegen bei den folgenden Fotografen und Unternehmen:<\/p>\n<p>Shirley Suarez<br>Marco Borrelli\/Salzburger Festpiele<br>Christian Schneider<br>Richard Hofmann<br><\/p>\n<p><\/p>\t\t\t\t\t\t\t\t<\/div>\n\t\t\t\t<\/div>\n\t\t\t\t<\/div>\n\t\t<div class=\"elementor-element elementor-element-e518e84 e-flex e-con-boxed e-con e-parent\" data-id=\"e518e84\" data-element_type=\"container\" data-settings=\"{&quot;jet_parallax_layout_list&quot;:[]}\">\n\t\t\t\t\t<div class=\"e-con-inner\">\n\t\t\t\t\t<\/div>\n\t\t\t\t<\/div>\n\t\t\t\t<\/div>","protected":false},"excerpt":{"rendered":"<p>Imprint\/Impressum Name:M\u00e1t\u00e9 Herczeg Address:Linzergasse 475020 SalzburgAustria Contact:Phone: +36204979484E-Mail: contact@mateherczeg.com ENGLISH DEUTSCH (siehe unten)MAGYAR (l\u00e1sd lent) LIABILITY FOR CONTENT ON THIS WEBSITE We continually develop the content of this website and strive to provide accurate and up-to-date information. Unfortunately, we cannot assume liability for the correctness of all content on this website, especially for those provided &#8230; <a title=\"Impressum\" class=\"read-more\" href=\"https:\/\/mateherczeg.com\/de\/imprint\/\" aria-label=\"Mehr Informationen \u00fcber Imprint\">Weiterlesen<\/a><\/p>","protected":false},"author":1,"featured_media":0,"parent":0,"menu_order":0,"comment_status":"closed","ping_status":"closed","template":"elementor_header_footer","meta":{"_seopress_robots_primary_cat":"","_seopress_titles_title":"","_seopress_titles_desc":"","_seopress_robots_index":"yes","_monsterinsights_skip_tracking":false,"_monsterinsights_sitenote_active":false,"_monsterinsights_sitenote_note":"","_monsterinsights_sitenote_category":0,"footnotes":""},"class_list":["post-1836","page","type-page","status-publish"],"_links":{"self":[{"href":"https:\/\/mateherczeg.com\/de\/wp-json\/wp\/v2\/pages\/1836","targetHints":{"allow":["GET"]}}],"collection":[{"href":"https:\/\/mateherczeg.com\/de\/wp-json\/wp\/v2\/pages"}],"about":[{"href":"https:\/\/mateherczeg.com\/de\/wp-json\/wp\/v2\/types\/page"}],"author":[{"embeddable":true,"href":"https:\/\/mateherczeg.com\/de\/wp-json\/wp\/v2\/users\/1"}],"replies":[{"embeddable":true,"href":"https:\/\/mateherczeg.com\/de\/wp-json\/wp\/v2\/comments?post=1836"}],"version-history":[{"count":23,"href":"https:\/\/mateherczeg.com\/de\/wp-json\/wp\/v2\/pages\/1836\/revisions"}],"predecessor-version":[{"id":3320,"href":"https:\/\/mateherczeg.com\/de\/wp-json\/wp\/v2\/pages\/1836\/revisions\/3320"}],"wp:attachment":[{"href":"https:\/\/mateherczeg.com\/de\/wp-json\/wp\/v2\/media?parent=1836"}],"curies":[{"name":"wp","href":"https:\/\/api.w.org\/{rel}","templated":true}]}}